{"id":33,"date":"2017-12-20T07:21:30","date_gmt":"2017-12-20T07:21:30","guid":{"rendered":"https:\/\/garten.manuelzika.at\/?page_id=33"},"modified":"2022-04-03T17:42:39","modified_gmt":"2022-04-03T17:42:39","slug":"service-bereich","status":"publish","type":"page","link":"https:\/\/unterer-gaisberg.at\/index.php\/service-bereich\/","title":{"rendered":"Service-Bereich"},"content":{"rendered":"<div id=\"pl-33\"  class=\"panel-layout\" ><div id=\"pg-33-0\"  class=\"panel-grid panel-no-style\" ><div id=\"pgc-33-0-0\"  class=\"panel-grid-cell\" ><div id=\"panel-33-0-0-0\" class=\"widget_text so-panel widget widget_custom_html panel-first-child panel-last-child\" data-index=\"0\" ><div id=\"test6\" class=\"widget_text panel-widget-style panel-widget-style-for-33-0-0-0\" ><div class=\"textwidget custom-html-widget\"><h1>Wie komme ich zu einem Kleingarten?<\/h1>\n\n<p style=\"margin-top: -30px;\">\n\tAufgrund des stetig steigenden Interesses an Kleing\u00e4rten ist es uns derzeit leider nicht m\u00f6glich, Parzellen weder zur Unterpacht noch zum Erwerb anzubieten bzw. eine Aussage \u00fcber die voraussichtliche Wartezeit zu treffen. \n\t<br><br>\n\tWir danken f\u00fcr Ihr Verst\u00e4ndnis.\n\t<\/p>\n\n<p>\n\t<br>\n\t\n\t<\/p><\/div><\/div><\/div><\/div><\/div><\/div>","protected":false},"excerpt":{"rendered":"<p>Wie komme ich zu einem Kleingarten? Aufgrund des stetig steigenden Interesses an Kleing\u00e4rten ist es uns derzeit leider nicht m\u00f6glich, Parzellen weder zur Unterpacht noch&hellip;<\/p>\n","protected":false},"author":1,"featured_media":0,"parent":0,"menu_order":0,"comment_status":"closed","ping_status":"closed","template":"","meta":{"footnotes":""},"class_list":["post-33","page","type-page","status-publish","hentry"],"_links":{"self":[{"href":"https:\/\/unterer-gaisberg.at\/index.php\/wp-json\/wp\/v2\/pages\/33","targetHints":{"allow":["GET"]}}],"collection":[{"href":"https:\/\/unterer-gaisberg.at\/index.php\/wp-json\/wp\/v2\/pages"}],"about":[{"href":"https:\/\/unterer-gaisberg.at\/index.php\/wp-json\/wp\/v2\/types\/page"}],"author":[{"embeddable":true,"href":"https:\/\/unterer-gaisberg.at\/index.php\/wp-json\/wp\/v2\/users\/1"}],"replies":[{"embeddable":true,"href":"https:\/\/unterer-gaisberg.at\/index.php\/wp-json\/wp\/v2\/comments?post=33"}],"version-history":[{"count":12,"href":"https:\/\/unterer-gaisberg.at\/index.php\/wp-json\/wp\/v2\/pages\/33\/revisions"}],"predecessor-version":[{"id":779,"href":"https:\/\/unterer-gaisberg.at\/index.php\/wp-json\/wp\/v2\/pages\/33\/revisions\/779"}],"wp:attachment":[{"href":"https:\/\/unterer-gaisberg.at\/index.php\/wp-json\/wp\/v2\/media?parent=33"}],"curies":[{"name":"wp","href":"https:\/\/api.w.org\/{rel}","templated":true}]}}