{"id":35,"date":"2017-12-20T07:22:15","date_gmt":"2017-12-20T07:22:15","guid":{"rendered":"https:\/\/garten.manuelzika.at\/?page_id=35"},"modified":"2022-04-24T18:21:42","modified_gmt":"2022-04-24T18:21:42","slug":"informationen-fur-mitglieder","status":"publish","type":"page","link":"https:\/\/unterer-gaisberg.at\/index.php\/informationen-fur-mitglieder\/","title":{"rendered":"Informationen f\u00fcr Mitglieder"},"content":{"rendered":"<div id=\"pl-35\" class=\"panel-layout\">\n<div id=\"pg-35-0\" class=\"panel-grid panel-has-style\" data-style=\"{&quot;id&quot;:&quot;test7&quot;,&quot;row_css&quot;:&quot;#test7{\\nmargin-top:-30px;\\n}&quot;,&quot;background_display&quot;:&quot;tile&quot;,&quot;cell_alignment&quot;:&quot;flex-start&quot;}\">\n<div id=\"test7\" class=\"panel-row-style panel-row-style-for-35-0\">\n<div id=\"pgc-35-0-0\" class=\"panel-grid-cell\" data-weight=\"1\">\n<div id=\"panel-35-0-0-0\" class=\"so-panel widget widget_sow-editor panel-first-child panel-last-child\" data-index=\"0\" data-style=\"{&quot;background_image_attachment&quot;:false,&quot;background_display&quot;:&quot;tile&quot;}\">\n<div class=\"so-widget-sow-editor so-widget-sow-editor-base\">\n<div class=\"siteorigin-widget-tinymce textwidget\">\n<h1>Informationen f\u00fcr Mitarbeiter<\/h1>\n<div class=\"field field-name-body field-type-text-with-summary field-label-hidden\">\n<div class=\"field-items\">\n<div class=\"field-item even\">\n<p><strong>W\u00f6chentliche Entsorgungstermine f\u00fcr die verschiedenen Abfall- und Recycling-Beh\u00e4lter f\u00fcr den KGV Unterer Gaisberg:<\/strong><br \/>\n<div id='wpt-table-1778501125600' class=''><\/div><script type='text\/javascript'>(function() {function createTable() {if (window.wpt) {window.wpt.createTable({\"_id_div\":\"wpt-table-1778501125600\",\"_ctrl_url\":\"https:\\\/\\\/unterer-gaisberg.at\\\/wp-admin\\\/admin-ajax.php?action=wpt_load_data&amp;table=645&amp;_wpnonce=e27ed98c5f\",\"width\":\"100%\",\"height\":null,\"sorting\":false,\"selecting\":false,\"heading\":false,\"paging\":false,\"pageSize\":20,\"autoload\":true,\"fields\":[{\"name\":\"f0\",\"title\":\"\",\"type\":\"text\",\"visible\":true,\"format\":\"\",\"currency_symbol\":\"\"},{\"name\":\"f1\",\"title\":\"\",\"type\":\"text\",\"visible\":true,\"format\":\"\",\"currency_symbol\":\"\"}]});} else {setTimeout(createTable, 100);}}createTable();})();<\/script><br \/>\nAlle Angaben ohne Gew\u00e4hr!<\/p>\n<p>Es wird ersucht, die jeweilige Kennzeichnung der Abfallsammelbeh\u00e4lter zu beachten und insbesondere keinen Sperrm\u00fcll am Entsorgungsplatz zu deponieren. Dieser wird von der MA 48 NICHT mitgenommen!<\/p>\n<p>Weitere Informationen zu M\u00fclltrennung und Entsorgung: <a style=\"color: #00c;\" href=\"https:\/\/www.wien.gv.at\/umwelt\/ma48\/beratung\/muelltrennung\/index.html\">https:\/\/www.wien.gv.at\/umwelt\/ma48\/beratung\/muelltrennung\/index.html<\/a><\/p>\n<p>Links zu den Sammelstellen der MA 48 (f\u00fcr Sperrm\u00fcll, Sonderm\u00fcll und spezielle Abf\u00e4lle):<br \/>\n<a style=\"color: #00c;\" href=\"https:\/\/www.wien.gv.at\/umwelt\/ma48\/beratung\/stadtplan-saubere-stadt.html\">https:\/\/www.wien.gv.at\/umwelt\/ma48\/beratung\/stadtplan-saubere-stadt.html<\/a><br \/>\n<a style=\"color: #00c;\" href=\"https:\/\/www.wien.gv.at\/umwelt\/ma48\/entsorgung\/mistplatz\/adressen.html\">https:\/\/www.wien.gv.at\/umwelt\/ma48\/entsorgung\/mistplatz\/adressen.html<\/a><\/p>\n<p>N\u00e4chstgelegene Sammelstelle der MA 48:<br \/>\nEva-Zilcher-Gasse 3, 1100 Wien<br \/>\nge\u00f6ffnet: Mo-Sa (werktags) von 7-18 Uhr<\/p>\n<hr \/>\n<p><strong>Die Immobilienertragssteuer f\u00fcr Kleing\u00e4rten<\/strong><\/p>\n<p>Das Gesetz (siehe PDF Datei) f\u00fcr den privaten Grundst\u00fccksverkauf gilt ab 01.04.2012.<\/p>\n<\/div>\n<\/div>\n<\/div>\n<div class=\"field field-name-field-attachment field-type-file field-label-above\">\n<div class=\"field-label\">Dateien:<\/div>\n<div class=\"field-items\">\n<div class=\"field-item even\"><span class=\"file\"><img decoding=\"async\" class=\"file-icon\" title=\"application\/pdf\" src=\"http:\/\/unterer-gaisberg.at\/wp-content\/uploads\/2018\/09\/application-pdf.png\" alt=\"PDF icon\" \/> <a href=\"http:\/\/unterer-gaisberg.at\/wp-content\/uploads\/2018\/09\/Immobilienertragssteuer-2012_1.pdf\" type=\"application\/pdf; length=800785\">Immobilienertragssteuer-2012.pdf<\/a><\/span><\/div>\n<\/div>\n<\/div>\n<\/div>\n<\/div>\n<\/div>\n<\/div>\n<\/div>\n<\/div>\n<\/div>\n","protected":false},"excerpt":{"rendered":"<p>Informationen f\u00fcr Mitarbeiter W\u00f6chentliche Entsorgungstermine f\u00fcr die verschiedenen Abfall- und Recycling-Beh\u00e4lter f\u00fcr den KGV Unterer Gaisberg: Alle Angaben ohne Gew\u00e4hr! Es wird ersucht, die jeweilige&hellip;<\/p>\n","protected":false},"author":1,"featured_media":0,"parent":0,"menu_order":0,"comment_status":"closed","ping_status":"closed","template":"","meta":{"footnotes":""},"class_list":["post-35","page","type-page","status-publish","hentry"],"_links":{"self":[{"href":"https:\/\/unterer-gaisberg.at\/index.php\/wp-json\/wp\/v2\/pages\/35","targetHints":{"allow":["GET"]}}],"collection":[{"href":"https:\/\/unterer-gaisberg.at\/index.php\/wp-json\/wp\/v2\/pages"}],"about":[{"href":"https:\/\/unterer-gaisberg.at\/index.php\/wp-json\/wp\/v2\/types\/page"}],"author":[{"embeddable":true,"href":"https:\/\/unterer-gaisberg.at\/index.php\/wp-json\/wp\/v2\/users\/1"}],"replies":[{"embeddable":true,"href":"https:\/\/unterer-gaisberg.at\/index.php\/wp-json\/wp\/v2\/comments?post=35"}],"version-history":[{"count":7,"href":"https:\/\/unterer-gaisberg.at\/index.php\/wp-json\/wp\/v2\/pages\/35\/revisions"}],"predecessor-version":[{"id":787,"href":"https:\/\/unterer-gaisberg.at\/index.php\/wp-json\/wp\/v2\/pages\/35\/revisions\/787"}],"wp:attachment":[{"href":"https:\/\/unterer-gaisberg.at\/index.php\/wp-json\/wp\/v2\/media?parent=35"}],"curies":[{"name":"wp","href":"https:\/\/api.w.org\/{rel}","templated":true}]}}