{"id":481,"date":"2017-12-19T16:38:50","date_gmt":"2017-12-19T16:38:50","guid":{"rendered":"http:\/\/manuelzika.at\/garten\/?page_id=2"},"modified":"2022-09-20T09:49:21","modified_gmt":"2022-09-20T09:49:21","slug":"sample-page-2","status":"publish","type":"page","link":"https:\/\/unterer-gaisberg.at\/","title":{"rendered":"Herzlich willkommen!"},"content":{"rendered":"<div id=\"pl-481\"  class=\"panel-layout\" ><div id=\"pg-481-0\"  class=\"panel-grid panel-no-style\" ><div id=\"pgc-481-0-0\"  class=\"panel-grid-cell\" ><div id=\"panel-481-0-0-0\" class=\"widget_text so-panel widget widget_custom_html panel-first-child\" data-index=\"0\" ><div id=\"test2\" class=\"widget_text panel-widget-style panel-widget-style-for-481-0-0-0\" ><div class=\"textwidget custom-html-widget\"><h1>\n\tHerzlich Willkommen\n<\/h1>\n<p style=\"margin-top: -30px; margin-bottom: -30px;\">\n\tauf der Website des Kleingartenvereins Unterer Gaisberg!\n<\/p><\/div><\/div><\/div><div id=\"panel-481-0-0-1\" class=\"so-panel widget widget_sow-google-map panel-last-child\" data-index=\"1\" ><div id=\"test1\" class=\"panel-widget-style panel-widget-style-for-481-0-0-1\" ><div\n\t\t\t\n\t\t\tclass=\"so-widget-sow-google-map so-widget-sow-google-map-default-6b23895f316e-481\"\n\t\t\t\n\t\t>\n<div class=\"sow-google-map-canvas\"\n\tstyle=\"\"\n\tid=\"map-canvas-212cae8e05cd4b891609f5050829998a\"\n\tdata-options=\"{&quot;address&quot;:&quot;Holzknechtstra\\u00dfe 80, 1100 Wien&quot;,&quot;zoom&quot;:15,&quot;mobileZoom&quot;:15,&quot;gestureHandling&quot;:&quot;cooperative&quot;,&quot;disableUi&quot;:false,&quot;markerIcon&quot;:&quot;&quot;,&quot;markersDraggable&quot;:false,&quot;markerAtCenter&quot;:true,&quot;markerInfoDisplay&quot;:&quot;always&quot;,&quot;markerInfoMultiple&quot;:true,&quot;markerPositions&quot;:&quot;&quot;,&quot;mapName&quot;:&quot;&quot;,&quot;mapStyles&quot;:&quot;&quot;,&quot;directions&quot;:&quot;&quot;,&quot;apiKey&quot;:&quot;AIzaSyDdMInm0dGEJlP5yQFsueZYdw_03f5_77I&quot;,&quot;breakpoint&quot;:780}\"\n\tdata-fallback-image=\"{&quot;img&quot;:&quot;&quot;}\"><\/div>\n<\/div><\/div><\/div><\/div><\/div><div id=\"pg-481-1\"  class=\"panel-grid panel-no-style\" ><div id=\"pgc-481-1-0\"  class=\"panel-grid-cell\" ><div id=\"panel-481-1-0-0\" class=\"widget_text so-panel widget widget_custom_html panel-first-child panel-last-child\" data-index=\"2\" ><div class=\"textwidget custom-html-widget\"><span style=\"font-size: 0.8em\"><div id='wpt-table-1778067385229' class=''><\/div><script type='text\/javascript'>(function() {function createTable() {if (window.wpt) {window.wpt.createTable({\"_id_div\":\"wpt-table-1778067385229\",\"_ctrl_url\":\"https:\\\/\\\/unterer-gaisberg.at\\\/wp-admin\\\/admin-ajax.php?action=wpt_load_data&amp;table=646&amp;_wpnonce=138d7f784a\",\"width\":\"100%\",\"height\":null,\"sorting\":false,\"selecting\":false,\"heading\":false,\"paging\":false,\"pageSize\":20,\"autoload\":true,\"fields\":[{\"name\":\"f0\",\"title\":\"\",\"type\":\"text\",\"visible\":true,\"format\":\"\",\"currency_symbol\":\"\"},{\"name\":\"f1\",\"title\":\"\",\"type\":\"text\",\"visible\":true,\"format\":\"\",\"currency_symbol\":\"\"}]});} else {setTimeout(createTable, 100);}}createTable();})();<\/script><\/span><\/div><\/div><\/div><\/div><div id=\"pg-481-2\"  class=\"panel-grid panel-has-style\" ><div class=\"siteorigin-panels-stretch panel-row-style panel-row-style-for-481-2\" id=\"services\" data-stretch-type=\"full\" ><div id=\"pgc-481-2-0\"  class=\"panel-grid-cell\" ><div id=\"panel-481-2-0-0\" class=\"so-panel widget widget_sow-features panel-first-child\" data-index=\"3\" ><div id=\"test4\" class=\"panel-widget-style panel-widget-style-for-481-2-0-0\" ><div\n\t\t\t\n\t\t\tclass=\"so-widget-sow-features so-widget-sow-features-default-96b64d3d21ff-481\"\n\t\t\t\n\t\t>\n<div class=\"sow-features-list sow-features-responsive\">\n\n\t\t\t\t\t\t\t\t\t<div\n\t\t\t\tclass=\"sow-features-feature sow-icon-container-position-top\"\n\t\t\t\tstyle=\"display: flex; flex-direction: column; width: calc(50% - 25px);\"\n\t\t\t>\n\t\t\t\t\t\t\t<div class=\"sow-features-feature-right-left-container\" style=\"display: flex; flex-direction: inherit;\">\n\t\t\t\n\t\t\t\t\t\t\t\t<div\n\t\t\t\t\tclass=\"sow-icon-container sow-container-none\"\n\t\t\t\t\tstyle=\"color: #404040; \"\n\t\t\t\t\t\t\t\t\t>\n\t\t\t\t\t<span class=\"sow-icon-elegantline\" data-sow-icon=\"&#xe01c;\"\n\t\tstyle=\"font-size: 54px; color: #333333\" \n\t\taria-hidden=\"true\"><\/span>\t\t\t\t<\/div>\n\t\t\t\t\n\t\t\t\t<div class=\"textwidget\">\n\t\t\t\t\t\t\t\t\t\t\t<div class=\"sow-features-feature-content\">\n\t\t\t\t\t\n\t\t\t\t\t\t\t\t\t\t\t<h5>\n\t\t\t\t\t\t\t\n\t\t\t\t\t\t\tVereinsregisterauszug\t\t\t\t\t\t\t\t\t\t\t\t\t<\/h5>\n\t\t\t\t\t\n\t\t\t\t\t\n\t\t\t\t\t\t\t\t\t\t\t<\/div>\n\t\t\t\t\t\t<p class=\"sow-more-text\">\n\t\t\t\t\t\t\t<a href=\"https:\/\/citizen.bmi.gv.at\/at.gv.bmi.fnsweb-p\/zvn\/public\/imagesdyn\/Vereinsregisterauszug?sessionID=9ba8985f-ca4f-44c5-a08b-3b74ae2eb969_20180307125824833&#038;pdf=true\" >\t\t\t\t\t\t\tHier finden Sie diverse Informationen \u00fcber unseren Verein.\t\t\t\t\t\t\t<\/a>\t\t\t\t\t\t<\/p>\n\t\t\t\t\t\t\t\t\t<\/div>\n\t\t\t\t\t\t\t\t\t<\/div>\n\t\t\t\t\t\t\t\t\n\t\t\t\t\t\t\t<\/div>\n\n\t\t\t\t\t\t\t\t<div\n\t\t\t\tclass=\"sow-features-feature sow-icon-container-position-top\"\n\t\t\t\tstyle=\"display: flex; flex-direction: column; width: calc(50% - 25px);\"\n\t\t\t>\n\t\t\t\t\t\t\t<div class=\"sow-features-feature-right-left-container\" style=\"display: flex; flex-direction: inherit;\">\n\t\t\t\n\t\t\t\t\t\t\t\t<div\n\t\t\t\t\tclass=\"sow-icon-container sow-container-none\"\n\t\t\t\t\tstyle=\"color: #404040; \"\n\t\t\t\t\t\t\t\t\t>\n\t\t\t\t\t<span class=\"sow-icon-elegantline\" data-sow-icon=\"&#xe00c;\"\n\t\tstyle=\"font-size: 54px; color: #333333\" \n\t\taria-hidden=\"true\"><\/span>\t\t\t\t<\/div>\n\t\t\t\t\n\t\t\t\t<div class=\"textwidget\">\n\t\t\t\t\t\t\t\t\t\t\t<div class=\"sow-features-feature-content\">\n\t\t\t\t\t\n\t\t\t\t\t\t\t\t\t\t\t<h5>\n\t\t\t\t\t\t\t\n\t\t\t\t\t\t\tKleing\u00e4rtner\t\t\t\t\t\t\t\t\t\t\t\t\t<\/h5>\n\t\t\t\t\t\n\t\t\t\t\t\n\t\t\t\t\t\t\t\t\t\t\t<\/div>\n\t\t\t\t\t\t<p class=\"sow-more-text\">\n\t\t\t\t\t\t\t<a href=\"http:\/\/www.kleingaertner.at\" >\t\t\t\t\t\t\tWebsite des Zentralverbandes der Kleing\u00e4rtner und Siedler \u00d6sterreichs.\t\t\t\t\t\t\t<\/a>\t\t\t\t\t\t<\/p>\n\t\t\t\t\t\t\t\t\t<\/div>\n\t\t\t\t\t\t\t\t\t<\/div>\n\t\t\t\t\t\t\t\t\n\t\t\t\t\t\t\t<\/div>\n\n\t\t\t\t\t\t\t\t<div\n\t\t\t\tclass=\"sow-features-feature sow-icon-container-position-top\"\n\t\t\t\tstyle=\"display: flex; flex-direction: column; width: calc(50% - 25px);\"\n\t\t\t>\n\t\t\t\t\t\t\t<div class=\"sow-features-feature-right-left-container\" style=\"display: flex; flex-direction: inherit;\">\n\t\t\t\n\t\t\t\t\t\t\t\t<div\n\t\t\t\t\tclass=\"sow-icon-container sow-container-none\"\n\t\t\t\t\tstyle=\"color: #404040; \"\n\t\t\t\t\t\t\t\t\t>\n\t\t\t\t\t<span class=\"sow-icon-elegantline\" data-sow-icon=\"&#xe029;\"\n\t\tstyle=\"font-size: 54px; color: #333333\" \n\t\taria-hidden=\"true\"><\/span>\t\t\t\t<\/div>\n\t\t\t\t\n\t\t\t\t<div class=\"textwidget\">\n\t\t\t\t\t\t\t\t\t\t\t<div class=\"sow-features-feature-content\">\n\t\t\t\t\t\n\t\t\t\t\t\t\t\t\t\t\t<h5>\n\t\t\t\t\t\t\t\n\t\t\t\t\t\t\tParzellenplan\t\t\t\t\t\t\t\t\t\t\t\t\t<\/h5>\n\t\t\t\t\t\n\t\t\t\t\t\n\t\t\t\t\t\t\t\t\t\t\t<\/div>\n\t\t\t\t\t\t<p class=\"sow-more-text\">\n\t\t\t\t\t\t\t<a href=\"http:\/\/unterer-gaisberg.at\/wp-content\/uploads\/2018\/03\/Parzellenplan-Unterer-Gaisberg.pdf\" >\t\t\t\t\t\t\tHier finden Sie den aktuellen Parzellenplan unseres Vereins.\t\t\t\t\t\t\t<\/a>\t\t\t\t\t\t<\/p>\n\t\t\t\t\t\t\t\t\t<\/div>\n\t\t\t\t\t\t\t\t\t<\/div>\n\t\t\t\t\t\t\t\t\n\t\t\t\t\t\t\t<\/div>\n\n\t\t\t\t\t\t\t\t<div\n\t\t\t\tclass=\"sow-features-feature sow-icon-container-position-top\"\n\t\t\t\tstyle=\"display: flex; flex-direction: column; width: calc(50% - 25px);\"\n\t\t\t>\n\t\t\t\t\t\t\t<div class=\"sow-features-feature-right-left-container\" style=\"display: flex; flex-direction: inherit;\">\n\t\t\t\n\t\t\t\t\t\t\t\t<div\n\t\t\t\t\tclass=\"sow-icon-container sow-container-none\"\n\t\t\t\t\tstyle=\"color: #404040; \"\n\t\t\t\t\t\t\t\t\t>\n\t\t\t\t\t<span class=\"sow-icon-elegantline\" data-sow-icon=\"&#xe00a;\"\n\t\tstyle=\"font-size: 54px; color: #333333\" \n\t\taria-hidden=\"true\"><\/span>\t\t\t\t<\/div>\n\t\t\t\t\n\t\t\t\t<div class=\"textwidget\">\n\t\t\t\t\t\t\t\t\t\t\t<div class=\"sow-features-feature-content\">\n\t\t\t\t\t\n\t\t\t\t\t\t\t\t\t\t\t<h5>\n\t\t\t\t\t\t\t\n\t\t\t\t\t\t\tOrganigramm\t\t\t\t\t\t\t\t\t\t\t\t\t<\/h5>\n\t\t\t\t\t\n\t\t\t\t\t\n\t\t\t\t\t\t\t\t\t\t\t<\/div>\n\t\t\t\t\t\t<p class=\"sow-more-text\">\n\t\t\t\t\t\t\t<a href=\"http:\/\/unterer-gaisberg.at\/wp-content\/uploads\/2018\/03\/Organigramm_2015.pdf\" >\t\t\t\t\t\t\tHier bekommen Sie einen Einblick in die Struktur unseres Vereins.\t\t\t\t\t\t\t<\/a>\t\t\t\t\t\t<\/p>\n\t\t\t\t\t\t\t\t\t<\/div>\n\t\t\t\t\t\t\t\t\t<\/div>\n\t\t\t\t\t\t\t\t\n\t\t\t\t\t\t\t<\/div>\n\n\t\t\t\n<\/div>\n<\/div><\/div><\/div><div id=\"panel-481-2-0-1\" class=\"so-panel widget widget_media_image panel-last-child\" data-index=\"4\" ><div id=\"test6\" class=\"panel-widget-style panel-widget-style-for-481-2-0-1\" ><img loading=\"lazy\" decoding=\"async\" width=\"2219\" height=\"1204\" src=\"https:\/\/unterer-gaisberg.at\/wp-content\/uploads\/2018\/03\/KGV80_87_0.png\" class=\"image wp-image-273  attachment-full size-full\" alt=\"\" style=\"max-width: 100%; height: auto;\" srcset=\"https:\/\/unterer-gaisberg.at\/wp-content\/uploads\/2018\/03\/KGV80_87_0.png 2219w, https:\/\/unterer-gaisberg.at\/wp-content\/uploads\/2018\/03\/KGV80_87_0-300x163.png 300w, https:\/\/unterer-gaisberg.at\/wp-content\/uploads\/2018\/03\/KGV80_87_0-768x417.png 768w, https:\/\/unterer-gaisberg.at\/wp-content\/uploads\/2018\/03\/KGV80_87_0-1024x556.png 1024w\" sizes=\"auto, (max-width: 2219px) 100vw, 2219px\" \/><\/div><\/div><\/div><\/div><\/div><\/div>","protected":false},"excerpt":{"rendered":"<p>Herzlich Willkommen auf der Website des Kleingartenvereins Unterer Gaisberg! Vereinsregisterauszug Hier finden Sie diverse Informationen \u00fcber unseren Verein. Kleing\u00e4rtner Website des Zentralverbandes der Kleing\u00e4rtner und&hellip;<\/p>\n","protected":false},"author":1,"featured_media":0,"parent":0,"menu_order":0,"comment_status":"closed","ping_status":"open","template":"","meta":{"footnotes":""},"class_list":["post-481","page","type-page","status-publish","hentry"],"_links":{"self":[{"href":"https:\/\/unterer-gaisberg.at\/index.php\/wp-json\/wp\/v2\/pages\/481","targetHints":{"allow":["GET"]}}],"collection":[{"href":"https:\/\/unterer-gaisberg.at\/index.php\/wp-json\/wp\/v2\/pages"}],"about":[{"href":"https:\/\/unterer-gaisberg.at\/index.php\/wp-json\/wp\/v2\/types\/page"}],"author":[{"embeddable":true,"href":"https:\/\/unterer-gaisberg.at\/index.php\/wp-json\/wp\/v2\/users\/1"}],"replies":[{"embeddable":true,"href":"https:\/\/unterer-gaisberg.at\/index.php\/wp-json\/wp\/v2\/comments?post=481"}],"version-history":[{"count":12,"href":"https:\/\/unterer-gaisberg.at\/index.php\/wp-json\/wp\/v2\/pages\/481\/revisions"}],"predecessor-version":[{"id":807,"href":"https:\/\/unterer-gaisberg.at\/index.php\/wp-json\/wp\/v2\/pages\/481\/revisions\/807"}],"wp:attachment":[{"href":"https:\/\/unterer-gaisberg.at\/index.php\/wp-json\/wp\/v2\/media?parent=481"}],"curies":[{"name":"wp","href":"https:\/\/api.w.org\/{rel}","templated":true}]}}